{"id":4472,"date":"2024-07-01T14:13:03","date_gmt":"2024-07-01T14:13:03","guid":{"rendered":"https:\/\/sombroekwe.com\/schweisserqualifikation\/"},"modified":"2026-02-03T09:43:51","modified_gmt":"2026-02-03T09:43:51","slug":"schweisserqualifikation","status":"publish","type":"page","link":"https:\/\/sombroekwe.com\/de\/schweisserqualifikation\/","title":{"rendered":"Schwei\u00dferqualifikation"},"content":{"rendered":"\t\t<div data-elementor-type=\"wp-page\" data-elementor-id=\"4472\" class=\"elementor elementor-4472 elementor-1195\" data-elementor-post-type=\"page\">\n\t\t\t\t\t\t<section class=\"elementor-section elementor-top-section elementor-element elementor-element-4e17bdc0 elementor-section-height-min-height elementor-section-stretched elementor-section-boxed elementor-section-height-default elementor-section-items-middle\" data-id=\"4e17bdc0\" data-element_type=\"section\" data-e-type=\"section\" data-settings=\"{&quot;background_background&quot;:&quot;video&quot;,&quot;background_video_link&quot;:&quot;https:\\\/\\\/sombroekwe.com\\\/wp-content\\\/uploads\\\/2024\\\/07\\\/DSC_2405-online-video-cutter.com-1.mp4&quot;,&quot;background_play_on_mobile&quot;:&quot;yes&quot;,&quot;background_privacy_mode&quot;:&quot;yes&quot;,&quot;stretch_section&quot;:&quot;section-stretched&quot;}\">\n\t\t\t\t\t\t\t\t<div class=\"elementor-background-video-container\">\n\t\t\t\t\t\t\t\t\t\t\t\t\t<video class=\"elementor-background-video-hosted\" role=\"presentation\" autoplay muted playsinline loop><\/video>\n\t\t\t\t\t\t\t\t\t\t\t<\/div>\n\t\t\t\t\t\t\t\t\t<div class=\"elementor-background-overlay\"><\/div>\n\t\t\t\t\t\t\t<div class=\"elementor-container elementor-column-gap-no\">\n\t\t\t\t\t<div class=\"elementor-column elementor-col-100 elementor-top-column elementor-element elementor-element-622a1e36\" data-id=\"622a1e36\" data-element_type=\"column\" data-e-type=\"column\">\n\t\t\t<div class=\"elementor-widget-wrap elementor-element-populated\">\n\t\t\t\t\t\t<div class=\"elementor-element elementor-element-129d924c elementor-widget elementor-widget-heading\" data-id=\"129d924c\" data-element_type=\"widget\" data-e-type=\"widget\" data-settings=\"{&quot;_animation&quot;:&quot;none&quot;}\" data-widget_type=\"heading.default\">\n\t\t\t\t<div class=\"elementor-widget-container\">\n\t\t\t\t\t<h2 class=\"elementor-heading-title elementor-size-default\">Sombroek w.e.<\/h2>\t\t\t\t<\/div>\n\t\t\t\t<\/div>\n\t\t\t\t<div class=\"elementor-element elementor-element-69d2a6ed elementor-headline--style-rotate elementor-widget elementor-widget-animated-headline\" data-id=\"69d2a6ed\" data-element_type=\"widget\" data-e-type=\"widget\" data-settings=\"{&quot;headline_style&quot;:&quot;rotate&quot;,&quot;rotating_text&quot;:&quot;\\nSchwei\\u00dferqualifikation (LK)&quot;,&quot;rotate_iteration_delay&quot;:1000,&quot;animation_type&quot;:&quot;typing&quot;}\" data-widget_type=\"animated-headline.default\">\n\t\t\t\t<div class=\"elementor-widget-container\">\n\t\t\t\t\t\t\t<h1 class=\"elementor-headline elementor-headline-animation-type-typing elementor-headline-letters\">\n\t\t\t\t<span class=\"elementor-headline-dynamic-wrapper elementor-headline-text-wrapper\">\n\t\t\t\t\t<span class=\"elementor-headline-dynamic-text elementor-headline-text-active\">\n\t\t\t\t\t\t\t<\/span>\n\t\t\t\t\t<span class=\"elementor-headline-dynamic-text\">\n\t\t\t\tSchwei\u00dferqualifikation&nbsp;(LK)\t\t\t<\/span>\n\t\t\t\t\t\t<\/span>\n\t\t\t\t<\/h1>\n\t\t\t\t\t\t<\/div>\n\t\t\t\t<\/div>\n\t\t\t\t\t<\/div>\n\t\t<\/div>\n\t\t\t\t\t<\/div>\n\t\t<\/section>\n\t\t\t\t<section class=\"elementor-section elementor-top-section elementor-element elementor-element-4c509d42 elementor-section-boxed elementor-section-height-default elementor-section-height-default\" data-id=\"4c509d42\" data-element_type=\"section\" data-e-type=\"section\" data-settings=\"{&quot;background_background&quot;:&quot;classic&quot;}\">\n\t\t\t\t\t\t<div class=\"elementor-container elementor-column-gap-default\">\n\t\t\t\t\t<div class=\"elementor-column elementor-col-25 elementor-top-column elementor-element elementor-element-676c1045\" data-id=\"676c1045\" data-element_type=\"column\" data-e-type=\"column\">\n\t\t\t<div class=\"elementor-widget-wrap elementor-element-populated\">\n\t\t\t\t\t\t<div class=\"elementor-element elementor-element-2b848db2 elementor-cta--skin-cover elementor-cta--valign-middle elementor-animated-content elementor-widget elementor-widget-call-to-action\" data-id=\"2b848db2\" data-element_type=\"widget\" data-e-type=\"widget\" data-widget_type=\"call-to-action.default\">\n\t\t\t\t<div class=\"elementor-widget-container\">\n\t\t\t\t\t\t\t<a class=\"elementor-cta\" href=\"https:\/\/sombroekwe.com\/iso-9606-series-certificaat\/\">\n\t\t\t\t\t<div class=\"elementor-cta__bg-wrapper\">\n\t\t\t\t<div class=\"elementor-cta__bg elementor-bg\" style=\"background-image: url(https:\/\/sombroekwe.com\/wp-content\/uploads\/2024\/07\/IMG-20190925-WA0006.jpg);\" role=\"img\" aria-label=\"IMG-20190925-WA0006\"><\/div>\n\t\t\t\t<div class=\"elementor-cta__bg-overlay\"><\/div>\n\t\t\t<\/div>\n\t\t\t\t\t\t\t<div class=\"elementor-cta__content\">\n\t\t\t\t\n\t\t\t\t\t\t\t\t\t<h3 class=\"elementor-cta__title elementor-cta__content-item elementor-content-item elementor-animated-item--grow\">\n\t\t\t\t\t\t ISO 9606 Zertifikat \t\t\t\t\t<\/h3>\n\t\t\t\t\n\t\t\t\t\n\t\t\t\t\t\t\t<\/div>\n\t\t\t\t\t\t<\/a>\n\t\t\t\t\t\t<\/div>\n\t\t\t\t<\/div>\n\t\t\t\t\t<\/div>\n\t\t<\/div>\n\t\t\t\t<div class=\"elementor-column elementor-col-25 elementor-top-column elementor-element elementor-element-d535a7a\" data-id=\"d535a7a\" data-element_type=\"column\" data-e-type=\"column\">\n\t\t\t<div class=\"elementor-widget-wrap elementor-element-populated\">\n\t\t\t\t\t\t<div class=\"elementor-element elementor-element-9a146b8 elementor-cta--skin-cover elementor-cta--valign-middle elementor-animated-content elementor-widget elementor-widget-call-to-action\" data-id=\"9a146b8\" data-element_type=\"widget\" data-e-type=\"widget\" data-widget_type=\"call-to-action.default\">\n\t\t\t\t<div class=\"elementor-widget-container\">\n\t\t\t\t\t\t\t<a class=\"elementor-cta\" href=\"https:\/\/sombroekwe.com\/en-12732-certificaat\/\">\n\t\t\t\t\t<div class=\"elementor-cta__bg-wrapper\">\n\t\t\t\t<div class=\"elementor-cta__bg elementor-bg\" style=\"background-image: url(https:\/\/sombroekwe.com\/wp-content\/uploads\/2024\/07\/DSC_2450.jpg);\" role=\"img\" aria-label=\"DSC_2450\"><\/div>\n\t\t\t\t<div class=\"elementor-cta__bg-overlay\"><\/div>\n\t\t\t<\/div>\n\t\t\t\t\t\t\t<div class=\"elementor-cta__content\">\n\t\t\t\t\n\t\t\t\t\t\t\t\t\t<h3 class=\"elementor-cta__title elementor-cta__content-item elementor-content-item elementor-animated-item--grow\">\n\t\t\t\t\t\tEN 12732 Zertifikat\t\t\t\t\t<\/h3>\n\t\t\t\t\n\t\t\t\t\n\t\t\t\t\t\t\t<\/div>\n\t\t\t\t\t\t<\/a>\n\t\t\t\t\t\t<\/div>\n\t\t\t\t<\/div>\n\t\t\t\t\t<\/div>\n\t\t<\/div>\n\t\t\t\t<div class=\"elementor-column elementor-col-25 elementor-top-column elementor-element elementor-element-11df79a5\" data-id=\"11df79a5\" data-element_type=\"column\" data-e-type=\"column\">\n\t\t\t<div class=\"elementor-widget-wrap elementor-element-populated\">\n\t\t\t\t\t\t<div class=\"elementor-element elementor-element-21e582e6 elementor-cta--skin-cover elementor-cta--valign-middle elementor-animated-content elementor-widget elementor-widget-call-to-action\" data-id=\"21e582e6\" data-element_type=\"widget\" data-e-type=\"widget\" data-widget_type=\"call-to-action.default\">\n\t\t\t\t<div class=\"elementor-widget-container\">\n\t\t\t\t\t\t\t<a class=\"elementor-cta\" href=\"https:\/\/sombroekwe.com\/de\/asme-ix-zertifikat\/\">\n\t\t\t\t\t<div class=\"elementor-cta__bg-wrapper\">\n\t\t\t\t<div class=\"elementor-cta__bg elementor-bg\" style=\"background-image: url(https:\/\/sombroekwe.com\/wp-content\/uploads\/2024\/07\/DSC_2403.jpg);\" role=\"img\" aria-label=\"Visuelle Pr\u00fcfung Level 2\"><\/div>\n\t\t\t\t<div class=\"elementor-cta__bg-overlay\"><\/div>\n\t\t\t<\/div>\n\t\t\t\t\t\t\t<div class=\"elementor-cta__content\">\n\t\t\t\t\n\t\t\t\t\t\t\t\t\t<h3 class=\"elementor-cta__title elementor-cta__content-item elementor-content-item elementor-animated-item--grow\">\n\t\t\t\t\t\tASME IX-Zertifikat\t\t\t\t\t<\/h3>\n\t\t\t\t\n\t\t\t\t\n\t\t\t\t\t\t\t<\/div>\n\t\t\t\t\t\t<\/a>\n\t\t\t\t\t\t<\/div>\n\t\t\t\t<\/div>\n\t\t\t\t\t<\/div>\n\t\t<\/div>\n\t\t\t\t<div class=\"elementor-column elementor-col-25 elementor-top-column elementor-element elementor-element-ad018f7\" data-id=\"ad018f7\" data-element_type=\"column\" data-e-type=\"column\">\n\t\t\t<div class=\"elementor-widget-wrap elementor-element-populated\">\n\t\t\t\t\t\t<div class=\"elementor-element elementor-element-f00d0c0 elementor-cta--skin-cover elementor-cta--valign-middle elementor-animated-content elementor-widget elementor-widget-call-to-action\" data-id=\"f00d0c0\" data-element_type=\"widget\" data-e-type=\"widget\" data-widget_type=\"call-to-action.default\">\n\t\t\t\t<div class=\"elementor-widget-container\">\n\t\t\t\t\t\t\t<a class=\"elementor-cta\" href=\"https:\/\/sombroekwe.com\/aws-d1-1-certificaat\/\">\n\t\t\t\t\t<div class=\"elementor-cta__bg-wrapper\">\n\t\t\t\t<div class=\"elementor-cta__bg elementor-bg\" style=\"background-image: url(https:\/\/sombroekwe.com\/wp-content\/uploads\/2024\/07\/DSC_2485-2.jpg);\" role=\"img\" aria-label=\"DSC_2485 (2)\"><\/div>\n\t\t\t\t<div class=\"elementor-cta__bg-overlay\"><\/div>\n\t\t\t<\/div>\n\t\t\t\t\t\t\t<div class=\"elementor-cta__content\">\n\t\t\t\t\n\t\t\t\t\t\t\t\t\t<h3 class=\"elementor-cta__title elementor-cta__content-item elementor-content-item elementor-animated-item--grow\">\n\t\t\t\t\t\tAWS D1.1 Zertifikat\t\t\t\t\t<\/h3>\n\t\t\t\t\n\t\t\t\t\n\t\t\t\t\t\t\t<\/div>\n\t\t\t\t\t\t<\/a>\n\t\t\t\t\t\t<\/div>\n\t\t\t\t<\/div>\n\t\t\t\t\t<\/div>\n\t\t<\/div>\n\t\t\t\t\t<\/div>\n\t\t<\/section>\n\t\t\t\t<\/div>\n\t\t","protected":false},"excerpt":{"rendered":"<p>Sombroek w.e. Schwei\u00dferqualifikation&nbsp;(LK) Holen Sie sich Ihre Schwei\u00dferqualifikation (LK) Bei SOMBROEK W.E. bieten wir professionelle Unterst\u00fctzung bei der Erlangung einer Schwei\u00dferqualifikation (LK). Eine LK richtet sich an den Schwei\u00dfer selbst und weist nach, dass er oder sie fachkundig genug ist, um spezifische Schwei\u00dfarbeiten auszuf\u00fchren. Dieses Zertifikat ist essentiell f\u00fcr die Gew\u00e4hrleistung der Qualit\u00e4t und Sicherheit [&hellip;]<\/p>\n","protected":false},"author":1,"featured_media":0,"parent":0,"menu_order":0,"comment_status":"closed","ping_status":"closed","template":"","meta":{"_uag_custom_page_level_css":"","site-sidebar-layout":"no-sidebar","site-content-layout":"page-builder","ast-site-content-layout":"full-width-container","site-content-style":"unboxed","site-sidebar-style":"unboxed","ast-global-header-display":"","ast-banner-title-visibility":"","ast-main-header-display":"","ast-hfb-above-header-display":"","ast-hfb-below-header-display":"","ast-hfb-mobile-header-display":"","site-post-title":"disabled","ast-breadcrumbs-content":"","ast-featured-img":"disabled","footer-sml-layout":"","ast-disable-related-posts":"","theme-transparent-header-meta":"enabled","adv-header-id-meta":"","stick-header-meta":"default","header-above-stick-meta":"","header-main-stick-meta":"","header-below-stick-meta":"","astra-migrate-meta-layouts":"default","ast-page-background-enabled":"default","ast-page-background-meta":{"desktop":{"background-color":"","background-image":"","background-repeat":"repeat","background-position":"center center","background-size":"auto","background-attachment":"scroll","background-type":"","background-media":"","overlay-type":"","overlay-color":"","overlay-opacity":"","overlay-gradient":""},"tablet":{"background-color":"","background-image":"","background-repeat":"repeat","background-position":"center center","background-size":"auto","background-attachment":"scroll","background-type":"","background-media":"","overlay-type":"","overlay-color":"","overlay-opacity":"","overlay-gradient":""},"mobile":{"background-color":"","background-image":"","background-repeat":"repeat","background-position":"center center","background-size":"auto","background-attachment":"scroll","background-type":"","background-media":"","overlay-type":"","overlay-color":"","overlay-opacity":"","overlay-gradient":""}},"ast-content-background-meta":{"desktop":{"background-color":"var(--ast-global-color-5)","background-image":"","background-repeat":"repeat","background-position":"center center","background-size":"auto","background-attachment":"scroll","background-type":"","background-media":"","overlay-type":"","overlay-color":"","overlay-opacity":"","overlay-gradient":""},"tablet":{"background-color":"var(--ast-global-color-5)","background-image":"","background-repeat":"repeat","background-position":"center center","background-size":"auto","background-attachment":"scroll","background-type":"","background-media":"","overlay-type":"","overlay-color":"","overlay-opacity":"","overlay-gradient":""},"mobile":{"background-color":"var(--ast-global-color-5)","background-image":"","background-repeat":"repeat","background-position":"center center","background-size":"auto","background-attachment":"scroll","background-type":"","background-media":"","overlay-type":"","overlay-color":"","overlay-opacity":"","overlay-gradient":""}},"footnotes":""},"class_list":["post-4472","page","type-page","status-publish","hentry"],"yoast_head":"<!-- This site is optimized with the Yoast SEO plugin v27.3 - https:\/\/yoast.com\/product\/yoast-seo-wordpress\/ -->\n<title>Schwei\u00dferqualifikation - Sombroek W.E.<\/title>\n<meta name=\"robots\" content=\"index, follow, max-snippet:-1, max-image-preview:large, max-video-preview:-1\" \/>\n<link rel=\"canonical\" href=\"https:\/\/sombroekwe.com\/de\/schweisserqualifikation\/\" \/>\n<meta property=\"og:locale\" content=\"de_DE\" \/>\n<meta property=\"og:type\" content=\"article\" \/>\n<meta property=\"og:title\" content=\"Schwei\u00dferqualifikation - Sombroek W.E.\" \/>\n<meta property=\"og:description\" content=\"Sombroek w.e. Schwei\u00dferqualifikation&nbsp;(LK) Holen Sie sich Ihre Schwei\u00dferqualifikation (LK) Bei SOMBROEK W.E. bieten wir professionelle Unterst\u00fctzung bei der Erlangung einer Schwei\u00dferqualifikation (LK). Eine LK richtet sich an den Schwei\u00dfer selbst und weist nach, dass er oder sie fachkundig genug ist, um spezifische Schwei\u00dfarbeiten auszuf\u00fchren. Dieses Zertifikat ist essentiell f\u00fcr die Gew\u00e4hrleistung der Qualit\u00e4t und Sicherheit [&hellip;]\" \/>\n<meta property=\"og:url\" content=\"https:\/\/sombroekwe.com\/de\/schweisserqualifikation\/\" \/>\n<meta property=\"og:site_name\" content=\"Sombroek W.E.\" \/>\n<meta property=\"article:modified_time\" content=\"2026-02-03T09:43:51+00:00\" \/>\n<meta name=\"twitter:card\" content=\"summary_large_image\" \/>\n<meta name=\"twitter:label1\" content=\"Gesch\u00e4tzte Lesezeit\" \/>\n\t<meta name=\"twitter:data1\" content=\"1\u00a0Minute\" \/>\n<script type=\"application\/ld+json\" class=\"yoast-schema-graph\">{\"@context\":\"https:\\\/\\\/schema.org\",\"@graph\":[{\"@type\":\"WebPage\",\"@id\":\"https:\\\/\\\/sombroekwe.com\\\/de\\\/schweisserqualifikation\\\/\",\"url\":\"https:\\\/\\\/sombroekwe.com\\\/de\\\/schweisserqualifikation\\\/\",\"name\":\"Schwei\u00dferqualifikation - Sombroek W.E.\",\"isPartOf\":{\"@id\":\"https:\\\/\\\/sombroekwe.com\\\/de\\\/#website\"},\"datePublished\":\"2024-07-01T14:13:03+00:00\",\"dateModified\":\"2026-02-03T09:43:51+00:00\",\"breadcrumb\":{\"@id\":\"https:\\\/\\\/sombroekwe.com\\\/de\\\/schweisserqualifikation\\\/#breadcrumb\"},\"inLanguage\":\"de\",\"potentialAction\":[{\"@type\":\"ReadAction\",\"target\":[\"https:\\\/\\\/sombroekwe.com\\\/de\\\/schweisserqualifikation\\\/\"]}]},{\"@type\":\"BreadcrumbList\",\"@id\":\"https:\\\/\\\/sombroekwe.com\\\/de\\\/schweisserqualifikation\\\/#breadcrumb\",\"itemListElement\":[{\"@type\":\"ListItem\",\"position\":1,\"name\":\"Home\",\"item\":\"https:\\\/\\\/sombroekwe.com\\\/de\\\/startseite\\\/\"},{\"@type\":\"ListItem\",\"position\":2,\"name\":\"Schwei\u00dferqualifikation\"}]},{\"@type\":\"WebSite\",\"@id\":\"https:\\\/\\\/sombroekwe.com\\\/de\\\/#website\",\"url\":\"https:\\\/\\\/sombroekwe.com\\\/de\\\/\",\"name\":\"Sombroek W.E.\",\"description\":\"Just another WordPress site\",\"publisher\":{\"@id\":\"https:\\\/\\\/sombroekwe.com\\\/de\\\/#organization\"},\"potentialAction\":[{\"@type\":\"SearchAction\",\"target\":{\"@type\":\"EntryPoint\",\"urlTemplate\":\"https:\\\/\\\/sombroekwe.com\\\/de\\\/?s={search_term_string}\"},\"query-input\":{\"@type\":\"PropertyValueSpecification\",\"valueRequired\":true,\"valueName\":\"search_term_string\"}}],\"inLanguage\":\"de\"},{\"@type\":\"Organization\",\"@id\":\"https:\\\/\\\/sombroekwe.com\\\/de\\\/#organization\",\"name\":\"Sombroek W.E.\",\"url\":\"https:\\\/\\\/sombroekwe.com\\\/de\\\/\",\"logo\":{\"@type\":\"ImageObject\",\"inLanguage\":\"de\",\"@id\":\"https:\\\/\\\/sombroekwe.com\\\/de\\\/#\\\/schema\\\/logo\\\/image\\\/\",\"url\":\"https:\\\/\\\/sombroekwe.com\\\/wp-content\\\/uploads\\\/2024\\\/07\\\/SOMBROEK_WE-1.jpg\",\"contentUrl\":\"https:\\\/\\\/sombroekwe.com\\\/wp-content\\\/uploads\\\/2024\\\/07\\\/SOMBROEK_WE-1.jpg\",\"width\":600,\"height\":213,\"caption\":\"Sombroek W.E.\"},\"image\":{\"@id\":\"https:\\\/\\\/sombroekwe.com\\\/de\\\/#\\\/schema\\\/logo\\\/image\\\/\"}}]}<\/script>\n<!-- \/ Yoast SEO plugin. -->","yoast_head_json":{"title":"Schwei\u00dferqualifikation - Sombroek W.E.","robots":{"index":"index","follow":"follow","max-snippet":"max-snippet:-1","max-image-preview":"max-image-preview:large","max-video-preview":"max-video-preview:-1"},"canonical":"https:\/\/sombroekwe.com\/de\/schweisserqualifikation\/","og_locale":"de_DE","og_type":"article","og_title":"Schwei\u00dferqualifikation - Sombroek W.E.","og_description":"Sombroek w.e. Schwei\u00dferqualifikation&nbsp;(LK) Holen Sie sich Ihre Schwei\u00dferqualifikation (LK) Bei SOMBROEK W.E. bieten wir professionelle Unterst\u00fctzung bei der Erlangung einer Schwei\u00dferqualifikation (LK). Eine LK richtet sich an den Schwei\u00dfer selbst und weist nach, dass er oder sie fachkundig genug ist, um spezifische Schwei\u00dfarbeiten auszuf\u00fchren. Dieses Zertifikat ist essentiell f\u00fcr die Gew\u00e4hrleistung der Qualit\u00e4t und Sicherheit [&hellip;]","og_url":"https:\/\/sombroekwe.com\/de\/schweisserqualifikation\/","og_site_name":"Sombroek W.E.","article_modified_time":"2026-02-03T09:43:51+00:00","twitter_card":"summary_large_image","twitter_misc":{"Gesch\u00e4tzte Lesezeit":"1\u00a0Minute"},"schema":{"@context":"https:\/\/schema.org","@graph":[{"@type":"WebPage","@id":"https:\/\/sombroekwe.com\/de\/schweisserqualifikation\/","url":"https:\/\/sombroekwe.com\/de\/schweisserqualifikation\/","name":"Schwei\u00dferqualifikation - Sombroek W.E.","isPartOf":{"@id":"https:\/\/sombroekwe.com\/de\/#website"},"datePublished":"2024-07-01T14:13:03+00:00","dateModified":"2026-02-03T09:43:51+00:00","breadcrumb":{"@id":"https:\/\/sombroekwe.com\/de\/schweisserqualifikation\/#breadcrumb"},"inLanguage":"de","potentialAction":[{"@type":"ReadAction","target":["https:\/\/sombroekwe.com\/de\/schweisserqualifikation\/"]}]},{"@type":"BreadcrumbList","@id":"https:\/\/sombroekwe.com\/de\/schweisserqualifikation\/#breadcrumb","itemListElement":[{"@type":"ListItem","position":1,"name":"Home","item":"https:\/\/sombroekwe.com\/de\/startseite\/"},{"@type":"ListItem","position":2,"name":"Schwei\u00dferqualifikation"}]},{"@type":"WebSite","@id":"https:\/\/sombroekwe.com\/de\/#website","url":"https:\/\/sombroekwe.com\/de\/","name":"Sombroek W.E.","description":"Just another WordPress site","publisher":{"@id":"https:\/\/sombroekwe.com\/de\/#organization"},"potentialAction":[{"@type":"SearchAction","target":{"@type":"EntryPoint","urlTemplate":"https:\/\/sombroekwe.com\/de\/?s={search_term_string}"},"query-input":{"@type":"PropertyValueSpecification","valueRequired":true,"valueName":"search_term_string"}}],"inLanguage":"de"},{"@type":"Organization","@id":"https:\/\/sombroekwe.com\/de\/#organization","name":"Sombroek W.E.","url":"https:\/\/sombroekwe.com\/de\/","logo":{"@type":"ImageObject","inLanguage":"de","@id":"https:\/\/sombroekwe.com\/de\/#\/schema\/logo\/image\/","url":"https:\/\/sombroekwe.com\/wp-content\/uploads\/2024\/07\/SOMBROEK_WE-1.jpg","contentUrl":"https:\/\/sombroekwe.com\/wp-content\/uploads\/2024\/07\/SOMBROEK_WE-1.jpg","width":600,"height":213,"caption":"Sombroek W.E."},"image":{"@id":"https:\/\/sombroekwe.com\/de\/#\/schema\/logo\/image\/"}}]}},"uagb_featured_image_src":{"full":false,"thumbnail":false,"medium":false,"medium_large":false,"large":false,"1536x1536":false,"2048x2048":false},"uagb_author_info":{"display_name":"admin","author_link":"https:\/\/sombroekwe.com\/de\/author\/admin\/"},"uagb_comment_info":0,"uagb_excerpt":"Sombroek w.e. Schwei\u00dferqualifikation&nbsp;(LK) Holen Sie sich Ihre Schwei\u00dferqualifikation (LK) Bei SOMBROEK W.E. bieten wir professionelle Unterst\u00fctzung bei der Erlangung einer Schwei\u00dferqualifikation (LK). Eine LK richtet sich an den Schwei\u00dfer selbst und weist nach, dass er oder sie fachkundig genug ist, um spezifische Schwei\u00dfarbeiten auszuf\u00fchren. Dieses Zertifikat ist essentiell f\u00fcr die Gew\u00e4hrleistung der Qualit\u00e4t und Sicherheit&hellip;","_links":{"self":[{"href":"https:\/\/sombroekwe.com\/de\/wp-json\/wp\/v2\/pages\/4472","targetHints":{"allow":["GET"]}}],"collection":[{"href":"https:\/\/sombroekwe.com\/de\/wp-json\/wp\/v2\/pages"}],"about":[{"href":"https:\/\/sombroekwe.com\/de\/wp-json\/wp\/v2\/types\/page"}],"author":[{"embeddable":true,"href":"https:\/\/sombroekwe.com\/de\/wp-json\/wp\/v2\/users\/1"}],"replies":[{"embeddable":true,"href":"https:\/\/sombroekwe.com\/de\/wp-json\/wp\/v2\/comments?post=4472"}],"version-history":[{"count":1,"href":"https:\/\/sombroekwe.com\/de\/wp-json\/wp\/v2\/pages\/4472\/revisions"}],"predecessor-version":[{"id":4473,"href":"https:\/\/sombroekwe.com\/de\/wp-json\/wp\/v2\/pages\/4472\/revisions\/4473"}],"wp:attachment":[{"href":"https:\/\/sombroekwe.com\/de\/wp-json\/wp\/v2\/media?parent=4472"}],"curies":[{"name":"wp","href":"https:\/\/api.w.org\/{rel}","templated":true}]}}